{"id":615,"date":"2025-01-27T15:35:51","date_gmt":"2025-01-27T15:35:51","guid":{"rendered":"https:\/\/inovexbio.liderlogos.com\/?page_id=615"},"modified":"2025-02-11T17:04:56","modified_gmt":"2025-02-11T17:04:56","slug":"solutions","status":"publish","type":"page","link":"https:\/\/inovexbio.liderlogos.com\/es\/solutions\/","title":{"rendered":"Soluciones"},"content":{"rendered":"<div data-elementor-type=\"wp-page\" data-elementor-id=\"615\" class=\"elementor elementor-615\" data-elementor-post-type=\"page\">\n\t\t\t\t<div class=\"elementor-element elementor-element-2fdd29b e-flex e-con-boxed e-con e-parent\" data-id=\"2fdd29b\" data-element_type=\"container\" data-settings=\"{&quot;background_background&quot;:&quot;classic&quot;}\">\n\t\t\t\t\t<div class=\"e-con-inner\">\n\t\t\t\t\t<\/div>\n\t\t\t\t<\/div>\n\t\t<div class=\"elementor-element elementor-element-753f404 e-flex e-con-boxed e-con e-parent\" data-id=\"753f404\" data-element_type=\"container\" data-settings=\"{&quot;background_motion_fx_blur_effect&quot;:&quot;yes&quot;,&quot;background_motion_fx_blur_level&quot;:{&quot;unit&quot;:&quot;px&quot;,&quot;size&quot;:5,&quot;sizes&quot;:[]},&quot;background_motion_fx_blur_range&quot;:{&quot;unit&quot;:&quot;%&quot;,&quot;size&quot;:&quot;&quot;,&quot;sizes&quot;:{&quot;start&quot;:0,&quot;end&quot;:100}},&quot;background_motion_fx_blur_direction&quot;:&quot;out-in&quot;,&quot;background_motion_fx_devices&quot;:[&quot;desktop&quot;,&quot;tablet&quot;,&quot;mobile&quot;]}\">\n\t\t\t\t\t<div class=\"e-con-inner\">\n\t\t<div class=\"elementor-element elementor-element-073ac07 e-con-full e-flex e-con e-child\" data-id=\"073ac07\" data-element_type=\"container\">\n\t\t\t\t<div class=\"elementor-element elementor-element-581072e elementor-widget elementor-widget-image\" data-id=\"581072e\" data-element_type=\"widget\" data-widget_type=\"image.default\">\n\t\t\t\t<div class=\"elementor-widget-container\">\n\t\t\t\t\t\t\t\t\t\t\t\t\t\t\t<img decoding=\"async\" width=\"1\" height=\"1\" src=\"https:\/\/inovexbio.liderlogos.com\/wp-content\/uploads\/2025\/01\/Logo-rgb.svg\" class=\"attachment-large size-large wp-image-617\" alt=\"\" \/>\t\t\t\t\t\t\t\t\t\t\t\t\t\t\t<\/div>\n\t\t\t\t<\/div>\n\t\t\t\t<div class=\"elementor-element elementor-element-e0bb08d elementor-invisible elementor-widget elementor-widget-text-editor\" data-id=\"e0bb08d\" data-element_type=\"widget\" data-settings=\"{&quot;_animation&quot;:&quot;fadeIn&quot;}\" data-widget_type=\"text-editor.default\">\n\t\t\t\t<div class=\"elementor-widget-container\">\n\t\t\t\t\t\t\t\t\tXhance aumenta la eficiencia del uso de nutrientes de las plantas mediante la fijaci\u00f3n del N, la solubilizaci\u00f3n del P y la movilizaci\u00f3n del Fe, al tiempo que ayuda a mitigar el estr\u00e9s provocado por la sequ\u00eda, el calor y la salinidad en condiciones clim\u00e1ticas y suelos extremos.\t\t\t\t\t\t\t\t<\/div>\n\t\t\t\t<\/div>\n\t\t\t\t<\/div>\n\t\t<div class=\"elementor-element elementor-element-7ff5522 e-con-full e-flex e-con e-child\" data-id=\"7ff5522\" data-element_type=\"container\">\n\t\t\t\t<div class=\"elementor-element elementor-element-f35e4cd elementor-invisible elementor-widget elementor-widget-image\" data-id=\"f35e4cd\" data-element_type=\"widget\" data-settings=\"{&quot;_animation&quot;:&quot;fadeInRight&quot;}\" data-widget_type=\"image.default\">\n\t\t\t\t<div class=\"elementor-widget-container\">\n\t\t\t\t\t\t\t\t\t\t\t\t\t\t\t\t<a href=\"https:\/\/inovexbio.liderlogos.com\/wp-content\/uploads\/2025\/02\/imagenPlatform.jpg\" data-elementor-open-lightbox=\"yes\" data-elementor-lightbox-title=\"imagenPlatform\" data-e-action-hash=\"#elementor-action%3Aaction%3Dlightbox%26settings%3DeyJpZCI6NjcwLCJ1cmwiOiJodHRwczpcL1wvaW5vdmV4YmlvLmxpZGVybG9nb3MuY29tXC93cC1jb250ZW50XC91cGxvYWRzXC8yMDI1XC8wMlwvaW1hZ2VuUGxhdGZvcm0uanBnIn0%3D\">\n\t\t\t\t\t\t\t<img fetchpriority=\"high\" decoding=\"async\" width=\"1024\" height=\"928\" src=\"https:\/\/inovexbio.liderlogos.com\/wp-content\/uploads\/2025\/02\/imagenPlatform-1024x928.jpg\" class=\"attachment-large size-large wp-image-670\" alt=\"\" srcset=\"https:\/\/inovexbio.liderlogos.com\/wp-content\/uploads\/2025\/02\/imagenPlatform-1024x928.jpg 1024w, https:\/\/inovexbio.liderlogos.com\/wp-content\/uploads\/2025\/02\/imagenPlatform-300x272.jpg 300w, https:\/\/inovexbio.liderlogos.com\/wp-content\/uploads\/2025\/02\/imagenPlatform-768x696.jpg 768w, https:\/\/inovexbio.liderlogos.com\/wp-content\/uploads\/2025\/02\/imagenPlatform-13x12.jpg 13w, https:\/\/inovexbio.liderlogos.com\/wp-content\/uploads\/2025\/02\/imagenPlatform.jpg 1078w\" sizes=\"(max-width: 1024px) 100vw, 1024px\" \/>\t\t\t\t\t\t\t\t<\/a>\n\t\t\t\t\t\t\t\t\t\t\t\t\t\t\t<\/div>\n\t\t\t\t<\/div>\n\t\t\t\t<\/div>\n\t\t\t\t\t<\/div>\n\t\t\t\t<\/div>\n\t\t\t\t<\/div>","protected":false},"excerpt":{"rendered":"<p>Xhance increases plant nutrient use efficiency via N-fixation, P solubilization and Fe mobilization while help to mitigate, drought, heat and [&hellip;]<\/p>","protected":false},"author":1,"featured_media":0,"parent":0,"menu_order":0,"comment_status":"closed","ping_status":"closed","template":"","meta":{"site-sidebar-layout":"no-sidebar","site-content-layout":"","ast-site-content-layout":"full-width-container","site-content-style":"default","site-sidebar-style":"default","ast-global-header-display":"","ast-banner-title-visibility":"","ast-main-header-display":"","ast-hfb-above-header-display":"","ast-hfb-below-header-display":"","ast-hfb-mobile-header-display":"","site-post-title":"disabled","ast-breadcrumbs-content":"","ast-featured-img":"disabled","footer-sml-layout":"","theme-transparent-header-meta":"","adv-header-id-meta":"","stick-header-meta":"","header-above-stick-meta":"","header-main-stick-meta":"","header-below-stick-meta":"","astra-migrate-meta-layouts":"default","ast-page-background-enabled":"default","ast-page-background-meta":{"desktop":{"background-color":"var(--ast-global-color-4)","background-image":"","background-repeat":"repeat","background-position":"center center","background-size":"auto","background-attachment":"scroll","background-type":"","background-media":"","overlay-type":"","overlay-color":"","overlay-opacity":"","overlay-gradient":""},"tablet":{"background-color":"","background-image":"","background-repeat":"repeat","background-position":"center center","background-size":"auto","background-attachment":"scroll","background-type":"","background-media":"","overlay-type":"","overlay-color":"","overlay-opacity":"","overlay-gradient":""},"mobile":{"background-color":"","background-image":"","background-repeat":"repeat","background-position":"center center","background-size":"auto","background-attachment":"scroll","background-type":"","background-media":"","overlay-type":"","overlay-color":"","overlay-opacity":"","overlay-gradient":""}},"ast-content-background-meta":{"desktop":{"background-color":"var(--ast-global-color-5)","background-image":"","background-repeat":"repeat","background-position":"center center","background-size":"auto","background-attachment":"scroll","background-type":"","background-media":"","overlay-type":"","overlay-color":"","overlay-opacity":"","overlay-gradient":""},"tablet":{"background-color":"var(--ast-global-color-5)","background-image":"","background-repeat":"repeat","background-position":"center center","background-size":"auto","background-attachment":"scroll","background-type":"","background-media":"","overlay-type":"","overlay-color":"","overlay-opacity":"","overlay-gradient":""},"mobile":{"background-color":"var(--ast-global-color-5)","background-image":"","background-repeat":"repeat","background-position":"center center","background-size":"auto","background-attachment":"scroll","background-type":"","background-media":"","overlay-type":"","overlay-color":"","overlay-opacity":"","overlay-gradient":""}},"footnotes":""},"class_list":["post-615","page","type-page","status-publish","hentry"],"_links":{"self":[{"href":"https:\/\/inovexbio.liderlogos.com\/es\/wp-json\/wp\/v2\/pages\/615","targetHints":{"allow":["GET"]}}],"collection":[{"href":"https:\/\/inovexbio.liderlogos.com\/es\/wp-json\/wp\/v2\/pages"}],"about":[{"href":"https:\/\/inovexbio.liderlogos.com\/es\/wp-json\/wp\/v2\/types\/page"}],"author":[{"embeddable":true,"href":"https:\/\/inovexbio.liderlogos.com\/es\/wp-json\/wp\/v2\/users\/1"}],"replies":[{"embeddable":true,"href":"https:\/\/inovexbio.liderlogos.com\/es\/wp-json\/wp\/v2\/comments?post=615"}],"version-history":[{"count":22,"href":"https:\/\/inovexbio.liderlogos.com\/es\/wp-json\/wp\/v2\/pages\/615\/revisions"}],"predecessor-version":[{"id":673,"href":"https:\/\/inovexbio.liderlogos.com\/es\/wp-json\/wp\/v2\/pages\/615\/revisions\/673"}],"wp:attachment":[{"href":"https:\/\/inovexbio.liderlogos.com\/es\/wp-json\/wp\/v2\/media?parent=615"}],"curies":[{"name":"wp","href":"https:\/\/api.w.org\/{rel}","templated":true}]}}